{"id":5,"date":"2019-10-07T14:17:50","date_gmt":"2019-10-07T14:17:50","guid":{"rendered":"http:\/\/s-2.es\/?page_id=5"},"modified":"2023-08-29T12:41:34","modified_gmt":"2023-08-29T12:41:34","slug":"mesmerize","status":"publish","type":"page","link":"http:\/\/s-2.es\/","title":{"rendered":"Front Page"},"content":{"rendered":"<div  id=\"overlappable-1\" data-label=\"Overlappable\" data-id=\"overlappable-7-mc\" data-export-id=\"overlappable-7-mc\" data-category=\"overlappable\" class=\"overlappable-7-mc content-section content-section-spacing\" data-overlap=\"true\"><div  class=\"gridContainer\"> <div  data-type=\"row\" class=\"row shadow center-sm\"><div  class=\"col-xs-12 col-sm-6 col-md-3 col-padding-small col-padding-small-xs bg-color-white\"> <div  class=\"text-center\"><div  class=\"col-xs-12 col-sm-fit space-bottom-small-xs\"> <i  class=\"fa fa-refresh icon color-black large\"><\/i><\/div> <div  data-type=\"column\" class=\"col-xs-12 col-sm\"><h4  class=\"\">Mantenimiento Ordenadores para Empresas<\/h4> <p  class=\"\">Solucionamos cualquier problema con su ordenador, como problemas de sobrecalentamiento, cuelgues, cambio de disco a SSD y formateo, copia de datos, instalamos y mantenemos redes inform\u00e1ticas.<\/p><\/div> <\/div><\/div>  <div  class=\"col-xs-12 col-sm-6 col-md-3 col-padding-small col-padding-small-xs bg-color-white\"><div  class=\"text-center\"> <div  class=\"col-xs-12 col-sm-fit space-bottom-small-xs\"><i  class=\"fa icon color-black fa-desktop large\"><\/i><\/div> <div  data-type=\"column\" class=\"col-xs-12 col-sm\"><h4  class=\"\">Venta de PC y Mac de 2da mano<\/h4> <p  class=\"\">Equipos portatiles o clonicos probados y testeados con garantia a precios economicos<\/p><\/div> <\/div><\/div> <div  class=\"col-xs-12 col-sm-6 col-md-3 col-padding-small col-padding-small-xs bg-color-white\"><div  class=\"text-center\"> <div  class=\"col-xs-12 col-sm-fit space-bottom-small-xs\"><i  class=\"fa icon color-black fa-american-sign-language-interpreting large\"><\/i><\/div> <div  data-type=\"column\" class=\"col-xs-12 col-sm\"><h4  class=\"\">Coworking<\/h4> <p  class=\"\">por 80\u20ac\/mes dispondras de una amplia mesa y conexion defibra con wifi 300n<\/p><\/div> <\/div><\/div> <\/div><\/div> <\/div><div  id=\"about-1\" style=\"background-color: #ffffff;\" data-label=\"About\" data-id=\"about-images-right-section-mc\" data-export-id=\"about-images-right-section-mc\" data-category=\"about\" class=\"about-images-right-section content-section content-section-spacing\"><div  class=\"gridContainer\"> <div  class=\"row middle-sm text-center\"><div  class=\"col-sm-5 content-left-sm\" data-type=\"column\">  <h2  class=\"\">Servicio a&nbsp;<span  style=\"font-family: Playfair Display,sans-serif; font-weight: 700; font-style: italic;\" href=\"#\">Empresas<\/span>&nbsp;<\/h2> <p  class=\"\">Solucionamos problemas en su empresa las 24 horas del d\u00eda 365 d\u00edas al a\u00f1o.ofrecemos servicios de: optimizaci\u00f3n,instalaci\u00f3n y ampliaci\u00f3n\/actualizaci\u00f3n Instalaci\u00f3n,configuraci\u00f3n y optimizaci\u00f3n de redes de \u00e1rea local Mantenemos todos los sistemas operativos Sistemas de integridad de datos Mantenemos su red local: instalaci\u00f3n, optimizaci\u00f3n y testeo sobre la vulnerabilidad de su software y sistemas operativos de su red. Seguridad en Internet: instalaci\u00f3n y configuraci\u00f3n de firewalls y routers<\/p> <a class=\"button color1\" href=\"#\" target=\"_self\" data-cp-link=\"1\" rel=\"noopener noreferrer\">Cont\u00e1ctenos<\/a><\/div> <div  class=\"col-sm-7 space-bottom-xs\"><div  class=\"image-group-side-3-img\"> <img decoding=\"async\"  class=\"topimg shadow-large\" src=\"http:\/\/s-2.es\/wp-content\/uploads\/2019\/10\/cropped-4.png\" alt=\"\" title=\"cropped-4.png\"> <img decoding=\"async\"  class=\"rightimg shadow-large\" src=\"http:\/\/s-2.es\/wp-content\/themes\/empowerwp\/customizer\/sections\/images\/emp-04.jpg\"> <div  class=\"leftimg\"> <img decoding=\"async\"  class=\"shadow-large\" src=\"http:\/\/s-2.es\/wp-content\/uploads\/2019\/10\/cropped-pcsempresa.jpg\" alt=\"\" title=\"cropped-pcsempresa.jpg\"><\/div> <\/div><\/div> <\/div><\/div> <\/div><div  id=\"features-10\" style=\"background-color: #f5fafd;\" data-label=\"Features\" data-id=\"features-16-card-bordered\" data-export-id=\"features-16-card-bordered\" data-category=\"features\" class=\"features-16-card-bordered content-section content-section-spacing\"><div  class=\"gridContainer\"> <div  class=\"row text-center\"><div  class=\"section-title-col\" data-type=\"column\"> <h2  class=\"\" style=\"border-bottom-color: rgb(33, 66, 99);\">COWORKING<\/h2> <p  class=\"lead\">Si no dispones de un lugar de trabajo, este es tu sitio.<\/p><\/div> <\/div> <div  class=\"row spaced-cols\" data-type=\"row\"> <div  class=\"col-xs-12 col-sm-6 col-md-4\"> <div  class=\"card no-padding bordered y-move\"> <img decoding=\"async\"  class=\"face\" src=\"http:\/\/s-2.es\/wp-content\/uploads\/2019\/10\/cropped-15235776_1610641219231473_3614071692270949746_o.jpg\" alt=\"\" title=\"cropped-15235776_1610641219231473_3614071692270949746_o.jpg\"> <div  data-type=\"column\" class=\"col-padding-small col-padding-small-xs description-container\"> <h4  class=\"font-500\">\u00bfQU\u00c9 ES EL COWORKING?<\/h4> <p  class=\"\">POR DEFINICI\u00d3N:<br >El coworking (en espa\u00f1ol cotrabajo, trabajo cooperativo o trabajo en cooperaci\u00f3n) es una forma de trabajo que permite a profesionales independientes, emprendedores, y pymes de diferentes sectores, compartir un mismo espacio de trabajo, tanto f\u00edsico como virtual, para desarrollar sus proyectos profesionales de manera independiente, a la vez que fomentan proyectos conjuntos.<\/p><\/div> <div  data-type=\"column\" class=\"col-padding-small col-padding-small-xs read-more-container\"><a  class=\"read-more\">learn more<\/a><\/div> <\/div><\/div> <div  class=\"col-xs-12 col-sm-6 col-md-4\"><div  class=\"card no-padding bordered y-move\"> <img decoding=\"async\"  class=\"face\" src=\"http:\/\/s-2.es\/wp-content\/uploads\/2019\/10\/cropped-15259422_1610641272564801_1424034145398451334_o.jpg\" alt=\"\" title=\"cropped-15259422_1610641272564801_1424034145398451334_o.jpg\"> <div  data-type=\"column\" class=\"col-padding-small col-padding-small-xs description-container\"> <h4  class=\"font-500\">DETALLES DEL COWORKING S2<\/h4> <p  class=\"\">\u2013 Mesas amplias de 120x80cm.<br >\u2013 Internet de 300Mb de ancho de Banda de Fibra \u00d3ptica.<br >\u2013 Enchufes, cable 1 Gb y wifi 300N.<br >\u2013 40m2 para 7 puestos de trabajo, amplio y tranquilo.<br >\u2013 Mesas fijas, tu puesto de trabajo ser\u00e1 siempre el mismo.<br >\u2013 Bien Comunicado por Buses 5, 46, 29 y a 1min de la autopista.<br >\u2013 Parking Gratis (No ORA).<br >\u2013 Oficina a Pie de calle.<br >\u2013 Posibilidad de domiciliaci\u00f3n Fiscal.<br >\u2013 Amplio horario de 08:00 a 15:00<\/p><\/div> <div  data-type=\"column\" class=\"col-padding-small col-padding-small-xs read-more-container\"><a  class=\"read-more\">learn more<\/a><\/div> <\/div><\/div>  <\/div><\/div> <\/div><div  id=\"contact-1\" data-label=\"Contact\" data-id=\"contact-1\" data-export-id=\"contact-1\" data-category=\"contact\" class=\"contact-1 content-section content-section-spacing white-text\" data-parallax-depth=\"20\"><div  class=\"gridContainer\"> <div  class=\"row text-center\"><div  class=\"section-title-col\" data-type=\"column\"> <h2  class=\"\">CONTACTO<\/h2> <p  class=\"lead\"><br >En S2 tenemos a tu disposici\u00f3n un servicio de atenci\u00f3n al cliente para que pueda realizar cualquier consulta que necesite. Elija la opci\u00f3n que prefiera para ponerse en contacto con nosotros:\n<br ><br ><iframe loading=\"lazy\"  src=\"https:\/\/www.google.com\/maps\/embed?pb=!1m18!1m12!1m3!1d3075.5072496761727!2d2.6249067153703827!3d39.57071687947245!2m3!1f0!2f0!3f0!3m2!1i1024!2i768!4f13.1!3m3!1m2!1s0x1297926f820e4827%3A0xfb63d0378d57280e!2sS2%20INFORMATICA!5e0!3m2!1ses!2ses!4v1571416101432!5m2!1ses!2ses\" style=\"border: 0;\" allowfullscreen=\"\" width=\"600\" height=\"450\" frameborder=\"0\"><\/iframe><\/p><\/div> <\/div> <div  class=\"row text-center\"> <div  class=\"col-xs-12 col-sm-8 col-sm-offset-2 contact-form-wrapper inline-info\"> <div  class=\"card large-padding\"> <div  class=\"\" data-content-shortcode=\"mesmerize_contact_form\" data-editable=\"true\"><p style=\"text-align:center;color:#ababab\">El formulario de contacto aparecer\u00e1 aqu\u00ed. Para activarlo, debes ajustar el par\u00e1metro \"shortcode formulario de contacto\u201d en el personalizador.<\/p><\/div><\/div> <\/div><\/div> <\/div><\/div>","protected":false},"excerpt":{"rendered":"<p>Mantenimiento Ordenadores para Empresas Solucionamos cualquier problema con su ordenador, como problemas de sobrecalentamiento, cuelgues, cambio de disco a SSD y formateo, copia de datos, instalamos y mantenemos redes inform\u00e1ticas. Venta de PC y Mac de 2da mano Equipos portatiles o clonicos probados y testeados con garantia a precios economicos Coworking por 80\u20ac\/mes dispondras de&hellip; <br \/> <a class=\"read-more\" href=\"http:\/\/s-2.es\/\">Leer m\u00e1s<\/a><\/p>\n","protected":false},"author":1,"featured_media":0,"parent":0,"menu_order":0,"comment_status":"closed","ping_status":"closed","template":"page-templates\/homepage.php","meta":[],"_links":{"self":[{"href":"http:\/\/s-2.es\/index.php?rest_route=\/wp\/v2\/pages\/5"}],"collection":[{"href":"http:\/\/s-2.es\/index.php?rest_route=\/wp\/v2\/pages"}],"about":[{"href":"http:\/\/s-2.es\/index.php?rest_route=\/wp\/v2\/types\/page"}],"author":[{"embeddable":true,"href":"http:\/\/s-2.es\/index.php?rest_route=\/wp\/v2\/users\/1"}],"replies":[{"embeddable":true,"href":"http:\/\/s-2.es\/index.php?rest_route=%2Fwp%2Fv2%2Fcomments&post=5"}],"version-history":[{"count":8,"href":"http:\/\/s-2.es\/index.php?rest_route=\/wp\/v2\/pages\/5\/revisions"}],"predecessor-version":[{"id":73,"href":"http:\/\/s-2.es\/index.php?rest_route=\/wp\/v2\/pages\/5\/revisions\/73"}],"wp:attachment":[{"href":"http:\/\/s-2.es\/index.php?rest_route=%2Fwp%2Fv2%2Fmedia&parent=5"}],"curies":[{"name":"wp","href":"https:\/\/api.w.org\/{rel}","templated":true}]}}